{"id":82,"date":"2019-10-10T14:51:15","date_gmt":"2019-10-10T12:51:15","guid":{"rendered":"https:\/\/edenenfrance.voyage\/?page_id=82"},"modified":"2024-07-04T09:11:47","modified_gmt":"2024-07-04T07:11:47","slug":"qui-sommes-nous","status":"publish","type":"page","link":"https:\/\/greenbox.edenenfrance.voyage\/en\/qui-sommes-nous\/","title":{"rendered":"Qui sommes nous?"},"content":{"rendered":"","protected":false},"excerpt":{"rendered":"","protected":false},"author":2,"featured_media":0,"parent":0,"menu_order":0,"comment_status":"closed","ping_status":"closed","template":"","meta":{"_acf_changed":false,"_exactmetrics_skip_tracking":false,"_exactmetrics_sitenote_active":false,"_exactmetrics_sitenote_note":"","_exactmetrics_sitenote_category":0,"footnotes":""},"class_list":["post-82","page","type-page","status-publish","hentry"],"acf":[],"yoast_head":"<!-- This site is optimized with the Yoast SEO plugin v24.4 - https:\/\/yoast.com\/wordpress\/plugins\/seo\/ -->\n<title>Qui sommes nous? - Eden En France<\/title>\n<meta name=\"description\" content=\"D\u00e9couvrez l&#039;histoire, la mission et l&#039;\u00e9quipe de Eden en France, votre agence de voyage \u00e9coresponsable dans l&#039;Ouest de la France.\" \/>\n<meta name=\"robots\" content=\"index, follow, max-snippet:-1, max-image-preview:large, max-video-preview:-1\" \/>\n<link rel=\"canonical\" href=\"https:\/\/greenbox.edenenfrance.voyage\/en\/qui-sommes-nous\/\" \/>\n<meta property=\"og:locale\" content=\"en_GB\" \/>\n<meta property=\"og:type\" content=\"article\" \/>\n<meta property=\"og:title\" content=\"Qui sommes nous? - Eden En France\" \/>\n<meta property=\"og:description\" content=\"D\u00e9couvrez l&#039;histoire, la mission et l&#039;\u00e9quipe de Eden en France, votre agence de voyage \u00e9coresponsable dans l&#039;Ouest de la France.\" \/>\n<meta property=\"og:url\" content=\"https:\/\/greenbox.edenenfrance.voyage\/en\/qui-sommes-nous\/\" \/>\n<meta property=\"og:site_name\" content=\"Eden En France\" \/>\n<meta property=\"article:modified_time\" content=\"2024-07-04T07:11:47+00:00\" \/>\n<meta name=\"twitter:card\" content=\"summary_large_image\" \/>\n<script type=\"application\/ld+json\" class=\"yoast-schema-graph\">{\"@context\":\"https:\/\/schema.org\",\"@graph\":[{\"@type\":\"WebPage\",\"@id\":\"https:\/\/greenbox.edenenfrance.voyage\/qui-sommes-nous\/\",\"url\":\"https:\/\/greenbox.edenenfrance.voyage\/qui-sommes-nous\/\",\"name\":\"Qui sommes nous? - Eden En France\",\"isPartOf\":{\"@id\":\"https:\/\/greenbox.edenenfrance.voyage\/#website\"},\"datePublished\":\"2019-10-10T12:51:15+00:00\",\"dateModified\":\"2024-07-04T07:11:47+00:00\",\"description\":\"D\u00e9couvrez l'histoire, la mission et l'\u00e9quipe de Eden en France, votre agence de voyage \u00e9coresponsable dans l'Ouest de la France.\",\"breadcrumb\":{\"@id\":\"https:\/\/greenbox.edenenfrance.voyage\/qui-sommes-nous\/#breadcrumb\"},\"inLanguage\":\"en-GB\",\"potentialAction\":[{\"@type\":\"ReadAction\",\"target\":[\"https:\/\/greenbox.edenenfrance.voyage\/qui-sommes-nous\/\"]}]},{\"@type\":\"BreadcrumbList\",\"@id\":\"https:\/\/greenbox.edenenfrance.voyage\/qui-sommes-nous\/#breadcrumb\",\"itemListElement\":[{\"@type\":\"ListItem\",\"position\":1,\"name\":\"Accueil\",\"item\":\"https:\/\/greenbox.edenenfrance.voyage\/\"},{\"@type\":\"ListItem\",\"position\":2,\"name\":\"Qui sommes nous?\"}]},{\"@type\":\"WebSite\",\"@id\":\"https:\/\/greenbox.edenenfrance.voyage\/#website\",\"url\":\"https:\/\/greenbox.edenenfrance.voyage\/\",\"name\":\"Eden En France\",\"description\":\"Destination France\",\"publisher\":{\"@id\":\"https:\/\/greenbox.edenenfrance.voyage\/#organization\"},\"potentialAction\":[{\"@type\":\"SearchAction\",\"target\":{\"@type\":\"EntryPoint\",\"urlTemplate\":\"https:\/\/greenbox.edenenfrance.voyage\/?s={search_term_string}\"},\"query-input\":{\"@type\":\"PropertyValueSpecification\",\"valueRequired\":true,\"valueName\":\"search_term_string\"}}],\"inLanguage\":\"en-GB\"},{\"@type\":\"Organization\",\"@id\":\"https:\/\/greenbox.edenenfrance.voyage\/#organization\",\"name\":\"Eden en France\",\"url\":\"https:\/\/greenbox.edenenfrance.voyage\/\",\"logo\":{\"@type\":\"ImageObject\",\"inLanguage\":\"en-GB\",\"@id\":\"https:\/\/greenbox.edenenfrance.voyage\/#\/schema\/logo\/image\/\",\"url\":\"https:\/\/edenenfrance.voyage\/wp-content\/uploads\/2020\/05\/eden-enfrance-pos-01.svg\",\"contentUrl\":\"https:\/\/edenenfrance.voyage\/wp-content\/uploads\/2020\/05\/eden-enfrance-pos-01.svg\",\"width\":233,\"height\":74,\"caption\":\"Eden en France\"},\"image\":{\"@id\":\"https:\/\/greenbox.edenenfrance.voyage\/#\/schema\/logo\/image\/\"}}]}<\/script>\n<!-- \/ Yoast SEO plugin. -->","yoast_head_json":{"title":"Qui sommes nous? - Eden En France","description":"D\u00e9couvrez l'histoire, la mission et l'\u00e9quipe de Eden en France, votre agence de voyage \u00e9coresponsable dans l'Ouest de la France.","robots":{"index":"index","follow":"follow","max-snippet":"max-snippet:-1","max-image-preview":"max-image-preview:large","max-video-preview":"max-video-preview:-1"},"canonical":"https:\/\/greenbox.edenenfrance.voyage\/en\/qui-sommes-nous\/","og_locale":"en_GB","og_type":"article","og_title":"Qui sommes nous? - Eden En France","og_description":"D\u00e9couvrez l'histoire, la mission et l'\u00e9quipe de Eden en France, votre agence de voyage \u00e9coresponsable dans l'Ouest de la France.","og_url":"https:\/\/greenbox.edenenfrance.voyage\/en\/qui-sommes-nous\/","og_site_name":"Eden En France","article_modified_time":"2024-07-04T07:11:47+00:00","twitter_card":"summary_large_image","schema":{"@context":"https:\/\/schema.org","@graph":[{"@type":"WebPage","@id":"https:\/\/greenbox.edenenfrance.voyage\/qui-sommes-nous\/","url":"https:\/\/greenbox.edenenfrance.voyage\/qui-sommes-nous\/","name":"Qui sommes nous? - Eden En France","isPartOf":{"@id":"https:\/\/greenbox.edenenfrance.voyage\/#website"},"datePublished":"2019-10-10T12:51:15+00:00","dateModified":"2024-07-04T07:11:47+00:00","description":"D\u00e9couvrez l'histoire, la mission et l'\u00e9quipe de Eden en France, votre agence de voyage \u00e9coresponsable dans l'Ouest de la France.","breadcrumb":{"@id":"https:\/\/greenbox.edenenfrance.voyage\/qui-sommes-nous\/#breadcrumb"},"inLanguage":"en-GB","potentialAction":[{"@type":"ReadAction","target":["https:\/\/greenbox.edenenfrance.voyage\/qui-sommes-nous\/"]}]},{"@type":"BreadcrumbList","@id":"https:\/\/greenbox.edenenfrance.voyage\/qui-sommes-nous\/#breadcrumb","itemListElement":[{"@type":"ListItem","position":1,"name":"Accueil","item":"https:\/\/greenbox.edenenfrance.voyage\/"},{"@type":"ListItem","position":2,"name":"Qui sommes nous?"}]},{"@type":"WebSite","@id":"https:\/\/greenbox.edenenfrance.voyage\/#website","url":"https:\/\/greenbox.edenenfrance.voyage\/","name":"Eden En France","description":"Destination France","publisher":{"@id":"https:\/\/greenbox.edenenfrance.voyage\/#organization"},"potentialAction":[{"@type":"SearchAction","target":{"@type":"EntryPoint","urlTemplate":"https:\/\/greenbox.edenenfrance.voyage\/?s={search_term_string}"},"query-input":{"@type":"PropertyValueSpecification","valueRequired":true,"valueName":"search_term_string"}}],"inLanguage":"en-GB"},{"@type":"Organization","@id":"https:\/\/greenbox.edenenfrance.voyage\/#organization","name":"Eden en France","url":"https:\/\/greenbox.edenenfrance.voyage\/","logo":{"@type":"ImageObject","inLanguage":"en-GB","@id":"https:\/\/greenbox.edenenfrance.voyage\/#\/schema\/logo\/image\/","url":"https:\/\/edenenfrance.voyage\/wp-content\/uploads\/2020\/05\/eden-enfrance-pos-01.svg","contentUrl":"https:\/\/edenenfrance.voyage\/wp-content\/uploads\/2020\/05\/eden-enfrance-pos-01.svg","width":233,"height":74,"caption":"Eden en France"},"image":{"@id":"https:\/\/greenbox.edenenfrance.voyage\/#\/schema\/logo\/image\/"}}]}},"_links":{"self":[{"href":"https:\/\/greenbox.edenenfrance.voyage\/en\/wp-json\/wp\/v2\/pages\/82","targetHints":{"allow":["GET"]}}],"collection":[{"href":"https:\/\/greenbox.edenenfrance.voyage\/en\/wp-json\/wp\/v2\/pages"}],"about":[{"href":"https:\/\/greenbox.edenenfrance.voyage\/en\/wp-json\/wp\/v2\/types\/page"}],"author":[{"embeddable":true,"href":"https:\/\/greenbox.edenenfrance.voyage\/en\/wp-json\/wp\/v2\/users\/2"}],"replies":[{"embeddable":true,"href":"https:\/\/greenbox.edenenfrance.voyage\/en\/wp-json\/wp\/v2\/comments?post=82"}],"version-history":[{"count":31,"href":"https:\/\/greenbox.edenenfrance.voyage\/en\/wp-json\/wp\/v2\/pages\/82\/revisions"}],"predecessor-version":[{"id":1838,"href":"https:\/\/greenbox.edenenfrance.voyage\/en\/wp-json\/wp\/v2\/pages\/82\/revisions\/1838"}],"wp:attachment":[{"href":"https:\/\/greenbox.edenenfrance.voyage\/en\/wp-json\/wp\/v2\/media?parent=82"}],"curies":[{"name":"wp","href":"https:\/\/api.w.org\/{rel}","templated":true}]}}